{"id":665,"date":"2025-07-07T11:42:58","date_gmt":"2025-07-07T09:42:58","guid":{"rendered":"https:\/\/barlabrural.com\/?page_id=665"},"modified":"2025-07-09T12:53:41","modified_gmt":"2025-07-09T10:53:41","slug":"aviso-legal","status":"publish","type":"page","link":"https:\/\/barlabrural.com\/index.php\/aviso-legal\/","title":{"rendered":"Aviso Legal"},"content":{"rendered":"\t\t<div data-elementor-type=\"wp-page\" data-elementor-id=\"665\" class=\"elementor elementor-665\">\n\t\t\t\t<div class=\"elementor-element elementor-element-e062d15 e-con-full e-flex e-con e-parent\" data-id=\"e062d15\" data-element_type=\"container\" data-e-type=\"container\" data-settings=\"{&quot;background_background&quot;:&quot;classic&quot;}\">\n\t\t<div class=\"elementor-element elementor-element-bf91aaf e-flex e-con-boxed e-con e-child\" data-id=\"bf91aaf\" data-element_type=\"container\" data-e-type=\"container\" data-settings=\"{&quot;background_background&quot;:&quot;classic&quot;,&quot;position&quot;:&quot;fixed&quot;}\">\n\t\t\t\t\t<div class=\"e-con-inner\">\n\t\t\t\t<div class=\"elementor-element elementor-element-25d31af elementor-widget elementor-widget-image\" data-id=\"25d31af\" data-element_type=\"widget\" data-e-type=\"widget\" data-widget_type=\"image.default\">\n\t\t\t\t<div class=\"elementor-widget-container\">\n\t\t\t\t\t\t\t\t\t\t\t\t\t\t\t\t<a href=\"\/\">\n\t\t\t\t\t\t\t<img fetchpriority=\"high\" decoding=\"async\" width=\"800\" height=\"155\" src=\"https:\/\/barlabrural.com\/wp-content\/uploads\/2025\/06\/barlab-rural.svg\" class=\"attachment-large size-large wp-image-48\" alt=\"\" \/>\t\t\t\t\t\t\t\t<\/a>\n\t\t\t\t\t\t\t\t\t\t\t\t\t\t\t<\/div>\n\t\t\t\t<\/div>\n\t\t\t\t<div class=\"elementor-element elementor-element-dd3a1a8 elementor-hidden-desktop elementor-hidden-tablet elementor-widget elementor-widget-image\" data-id=\"dd3a1a8\" data-element_type=\"widget\" data-e-type=\"widget\" data-widget_type=\"image.default\">\n\t\t\t\t<div class=\"elementor-widget-container\">\n\t\t\t\t\t\t\t\t\t\t\t\t\t\t\t<img decoding=\"async\" width=\"41\" height=\"30\" src=\"https:\/\/barlabrural.com\/wp-content\/uploads\/2025\/06\/MENU.png\" class=\"attachment-large size-large wp-image-262\" alt=\"\" \/>\t\t\t\t\t\t\t\t\t\t\t\t\t\t\t<\/div>\n\t\t\t\t<\/div>\n\t\t\t\t<div class=\"elementor-element elementor-element-f69e981 elementor-hidden-desktop elementor-hidden-tablet elementor-widget elementor-widget-image\" data-id=\"f69e981\" data-element_type=\"widget\" data-e-type=\"widget\" data-widget_type=\"image.default\">\n\t\t\t\t<div class=\"elementor-widget-container\">\n\t\t\t\t\t\t\t\t\t\t\t\t\t\t\t<img decoding=\"async\" width=\"35\" height=\"32\" src=\"https:\/\/barlabrural.com\/wp-content\/uploads\/2025\/06\/close.png\" class=\"attachment-large size-large wp-image-263\" alt=\"\" \/>\t\t\t\t\t\t\t\t\t\t\t\t\t\t\t<\/div>\n\t\t\t\t<\/div>\n\t\t<div class=\"elementor-element elementor-element-69a3188 e-con-full e-flex e-con e-child\" data-id=\"69a3188\" data-element_type=\"container\" data-e-type=\"container\">\n\t\t\t\t<div class=\"elementor-element elementor-element-fa9080c menu-item elementor-widget elementor-widget-button\" data-id=\"fa9080c\" data-element_type=\"widget\" data-e-type=\"widget\" data-widget_type=\"button.default\">\n\t\t\t\t<div class=\"elementor-widget-container\">\n\t\t\t\t\t\t\t\t\t<div class=\"elementor-button-wrapper\">\n\t\t\t\t\t<a class=\"elementor-button elementor-button-link elementor-size-sm\" href=\"\/#que-es\">\n\t\t\t\t\t\t<span class=\"elementor-button-content-wrapper\">\n\t\t\t\t\t\t\t\t\t<span class=\"elementor-button-text\">\u00bfQu\u00e9 es BarLab?<\/span>\n\t\t\t\t\t<\/span>\n\t\t\t\t\t<\/a>\n\t\t\t\t<\/div>\n\t\t\t\t\t\t\t\t<\/div>\n\t\t\t\t<\/div>\n\t\t\t\t<div class=\"elementor-element elementor-element-7fc47bd menu-item elementor-widget elementor-widget-button\" data-id=\"7fc47bd\" data-element_type=\"widget\" data-e-type=\"widget\" data-widget_type=\"button.default\">\n\t\t\t\t<div class=\"elementor-widget-container\">\n\t\t\t\t\t\t\t\t\t<div class=\"elementor-button-wrapper\">\n\t\t\t\t\t<a class=\"elementor-button elementor-button-link elementor-size-sm\" href=\"\/#a-quien\">\n\t\t\t\t\t\t<span class=\"elementor-button-content-wrapper\">\n\t\t\t\t\t\t\t\t\t<span class=\"elementor-button-text\">\u00bfA qui\u00e9n va dirigido?<\/span>\n\t\t\t\t\t<\/span>\n\t\t\t\t\t<\/a>\n\t\t\t\t<\/div>\n\t\t\t\t\t\t\t\t<\/div>\n\t\t\t\t<\/div>\n\t\t\t\t<div class=\"elementor-element elementor-element-fb273af menu-item elementor-widget elementor-widget-button\" data-id=\"fb273af\" data-element_type=\"widget\" data-e-type=\"widget\" data-widget_type=\"button.default\">\n\t\t\t\t<div class=\"elementor-widget-container\">\n\t\t\t\t\t\t\t\t\t<div class=\"elementor-button-wrapper\">\n\t\t\t\t\t<a class=\"elementor-button elementor-button-link elementor-size-sm\" href=\"\/#beneficios\">\n\t\t\t\t\t\t<span class=\"elementor-button-content-wrapper\">\n\t\t\t\t\t\t\t\t\t<span class=\"elementor-button-text\">Beneficios<\/span>\n\t\t\t\t\t<\/span>\n\t\t\t\t\t<\/a>\n\t\t\t\t<\/div>\n\t\t\t\t\t\t\t\t<\/div>\n\t\t\t\t<\/div>\n\t\t\t\t<div class=\"elementor-element elementor-element-630cd7c menu-item elementor-widget elementor-widget-button\" data-id=\"630cd7c\" data-element_type=\"widget\" data-e-type=\"widget\" data-widget_type=\"button.default\">\n\t\t\t\t<div class=\"elementor-widget-container\">\n\t\t\t\t\t\t\t\t\t<div class=\"elementor-button-wrapper\">\n\t\t\t\t\t<a class=\"elementor-button elementor-button-link elementor-size-sm\" href=\"\/#itinerario\">\n\t\t\t\t\t\t<span class=\"elementor-button-content-wrapper\">\n\t\t\t\t\t\t\t\t\t<span class=\"elementor-button-text\">Itinerario<\/span>\n\t\t\t\t\t<\/span>\n\t\t\t\t\t<\/a>\n\t\t\t\t<\/div>\n\t\t\t\t\t\t\t\t<\/div>\n\t\t\t\t<\/div>\n\t\t\t\t<div class=\"elementor-element elementor-element-419323b elementor-widget elementor-widget-button\" data-id=\"419323b\" data-element_type=\"widget\" data-e-type=\"widget\" data-widget_type=\"button.default\">\n\t\t\t\t<div class=\"elementor-widget-container\">\n\t\t\t\t\t\t\t\t\t<div class=\"elementor-button-wrapper\">\n\t\t\t\t\t<a class=\"elementor-button elementor-button-link elementor-size-sm\" href=\"\/#inscribete\">\n\t\t\t\t\t\t<span class=\"elementor-button-content-wrapper\">\n\t\t\t\t\t\t\t\t\t<span class=\"elementor-button-text\">Inscr\u00edbete<\/span>\n\t\t\t\t\t<\/span>\n\t\t\t\t\t<\/a>\n\t\t\t\t<\/div>\n\t\t\t\t\t\t\t\t<\/div>\n\t\t\t\t<\/div>\n\t\t\t\t<\/div>\n\t\t\t\t\t<\/div>\n\t\t\t\t<\/div>\n\t\t<div class=\"elementor-element elementor-element-fb48dfb e-flex e-con-boxed e-con e-child\" data-id=\"fb48dfb\" data-element_type=\"container\" data-e-type=\"container\">\n\t\t\t\t\t<div class=\"e-con-inner\">\n\t\t\t\t<div class=\"elementor-element elementor-element-9d54164 elementor-widget elementor-widget-text-editor\" data-id=\"9d54164\" data-element_type=\"widget\" data-e-type=\"widget\" data-widget_type=\"text-editor.default\">\n\t\t\t\t<div class=\"elementor-widget-container\">\n\t\t\t\t\t\t\t\t\t<h2><b>Aviso Legal<\/b><\/h2><p>\u00a0<\/p>\t\t\t\t\t\t\t\t<\/div>\n\t\t\t\t<\/div>\n\t\t\t\t\t<\/div>\n\t\t\t\t<\/div>\n\t\t<div class=\"elementor-element elementor-element-1d2500f e-con-full e-flex e-con e-child\" data-id=\"1d2500f\" data-element_type=\"container\" data-e-type=\"container\" data-settings=\"{&quot;background_background&quot;:&quot;classic&quot;}\">\n\t\t<div class=\"elementor-element elementor-element-82161a0 e-con-full e-flex e-con e-child\" data-id=\"82161a0\" data-element_type=\"container\" data-e-type=\"container\" data-settings=\"{&quot;background_background&quot;:&quot;classic&quot;}\">\n\t\t\t\t<div class=\"elementor-element elementor-element-b82a324 elementor-widget elementor-widget-image\" data-id=\"b82a324\" data-element_type=\"widget\" data-e-type=\"widget\" data-widget_type=\"image.default\">\n\t\t\t\t<div class=\"elementor-widget-container\">\n\t\t\t\t\t\t\t\t\t\t\t\t\t\t\t<img loading=\"lazy\" decoding=\"async\" width=\"1416\" height=\"602\" src=\"https:\/\/barlabrural.com\/wp-content\/uploads\/2025\/06\/fotografias-1.png\" class=\"attachment-full size-full wp-image-172\" alt=\"\" srcset=\"https:\/\/barlabrural.com\/wp-content\/uploads\/2025\/06\/fotografias-1.png 1416w, https:\/\/barlabrural.com\/wp-content\/uploads\/2025\/06\/fotografias-1-300x128.png 300w, https:\/\/barlabrural.com\/wp-content\/uploads\/2025\/06\/fotografias-1-1024x435.png 1024w, https:\/\/barlabrural.com\/wp-content\/uploads\/2025\/06\/fotografias-1-768x327.png 768w\" sizes=\"(max-width: 1416px) 100vw, 1416px\" \/>\t\t\t\t\t\t\t\t\t\t\t\t\t\t\t<\/div>\n\t\t\t\t<\/div>\n\t\t\t\t<\/div>\n\t\t<div class=\"elementor-element elementor-element-3dd5860 e-flex e-con-boxed e-con e-child\" data-id=\"3dd5860\" data-element_type=\"container\" data-e-type=\"container\" data-settings=\"{&quot;background_background&quot;:&quot;classic&quot;}\">\n\t\t\t\t\t<div class=\"e-con-inner\">\n\t\t\t\t<div class=\"elementor-element elementor-element-a808fe5 elementor-widget elementor-widget-image\" data-id=\"a808fe5\" data-element_type=\"widget\" data-e-type=\"widget\" data-widget_type=\"image.default\">\n\t\t\t\t<div class=\"elementor-widget-container\">\n\t\t\t\t\t\t\t\t\t\t\t\t\t\t\t<img fetchpriority=\"high\" decoding=\"async\" width=\"800\" height=\"155\" src=\"https:\/\/barlabrural.com\/wp-content\/uploads\/2025\/06\/barlab-rural.svg\" class=\"attachment-large size-large wp-image-48\" alt=\"\" \/>\t\t\t\t\t\t\t\t\t\t\t\t\t\t\t<\/div>\n\t\t\t\t<\/div>\n\t\t<div class=\"elementor-element elementor-element-e32fb2e e-con-full e-flex e-con e-child\" data-id=\"e32fb2e\" data-element_type=\"container\" data-e-type=\"container\">\n\t\t<div class=\"elementor-element elementor-element-0e2c108 e-con-full e-flex e-con e-child\" data-id=\"0e2c108\" data-element_type=\"container\" data-e-type=\"container\">\n\t\t\t\t<div class=\"elementor-element elementor-element-d02b967 elementor-widget elementor-widget-text-editor\" data-id=\"d02b967\" data-element_type=\"widget\" data-e-type=\"widget\" data-widget_type=\"text-editor.default\">\n\t\t\t\t<div class=\"elementor-widget-container\">\n\t\t\t\t\t\t\t\t\t<p><a href=\"\/#inicio\">Inicio<\/a><br \/><a href=\"\/#que-es\">\u00bfQu\u00e9 es BarLab?<\/a><br \/><a href=\"\/#a-quien\">\u00bfA qui\u00e9n va dirigido?<\/a><br \/><a href=\"\/#beneficios\">Beneficios<\/a><br \/><a href=\"\/#itinerario\">Itinerario<\/a><br \/><a href=\"\/#inscribete\">Inscr\u00edbete<\/a><\/p>\t\t\t\t\t\t\t\t<\/div>\n\t\t\t\t<\/div>\n\t\t\t\t<\/div>\n\t\t<div class=\"elementor-element elementor-element-292091e e-con-full e-flex e-con e-child\" data-id=\"292091e\" data-element_type=\"container\" data-e-type=\"container\">\n\t\t\t\t<div class=\"elementor-element elementor-element-4c7b956 elementor-widget elementor-widget-text-editor\" data-id=\"4c7b956\" data-element_type=\"widget\" data-e-type=\"widget\" data-widget_type=\"text-editor.default\">\n\t\t\t\t<div class=\"elementor-widget-container\">\n\t\t\t\t\t\t\t\t\t<p><a href=\"https:\/\/barlabrural.com\/index.php\/aviso-legal\/\">Aviso legal<\/a><br \/><a href=\"https:\/\/barlabrural.com\/index.php\/politica-de-privacidad\/\">Pol\u00edtica de privacidad<\/a><br \/><a href=\"https:\/\/barlabrural.com\/index.php\/politica-de-cookies\/\">Pol\u00edtica de Cookies<\/a><br \/>Panel de Cookies<\/p>\t\t\t\t\t\t\t\t<\/div>\n\t\t\t\t<\/div>\n\t\t\t\t<\/div>\n\t\t<div class=\"elementor-element elementor-element-47c49c4 e-con-full e-flex e-con e-child\" data-id=\"47c49c4\" data-element_type=\"container\" data-e-type=\"container\">\n\t\t\t\t<div class=\"elementor-element elementor-element-8d0c230 elementor-widget-mobile__width-initial elementor-widget elementor-widget-heading\" data-id=\"8d0c230\" data-element_type=\"widget\" data-e-type=\"widget\" data-widget_type=\"heading.default\">\n\t\t\t\t<div class=\"elementor-widget-container\">\n\t\t\t\t\t<h2 class=\"elementor-heading-title elementor-size-default\">\u00a0\u00bfQuieres abrir, reabrir o impulsar un bar rural?<\/h2>\t\t\t\t<\/div>\n\t\t\t\t<\/div>\n\t\t\t\t<div class=\"elementor-element elementor-element-daa8982 elementor-widget elementor-widget-button\" data-id=\"daa8982\" data-element_type=\"widget\" data-e-type=\"widget\" data-widget_type=\"button.default\">\n\t\t\t\t<div class=\"elementor-widget-container\">\n\t\t\t\t\t\t\t\t\t<div class=\"elementor-button-wrapper\">\n\t\t\t\t\t<a class=\"elementor-button elementor-button-link elementor-size-sm\" href=\"\/#inscribete\">\n\t\t\t\t\t\t<span class=\"elementor-button-content-wrapper\">\n\t\t\t\t\t\t\t\t\t<span class=\"elementor-button-text\">Inscr\u00edbete<\/span>\n\t\t\t\t\t<\/span>\n\t\t\t\t\t<\/a>\n\t\t\t\t<\/div>\n\t\t\t\t\t\t\t\t<\/div>\n\t\t\t\t<\/div>\n\t\t\t\t<div class=\"elementor-element elementor-element-7825dc5 elementor-widget__width-initial elementor-widget elementor-widget-heading\" data-id=\"7825dc5\" data-element_type=\"widget\" data-e-type=\"widget\" data-widget_type=\"heading.default\">\n\t\t\t\t<div class=\"elementor-widget-container\">\n\t\t\t\t\t<p class=\"elementor-heading-title elementor-size-default\">Aliados<\/p>\t\t\t\t<\/div>\n\t\t\t\t<\/div>\n\t\t\t\t<div class=\"elementor-element elementor-element-401a29c elementor-widget elementor-widget-image\" data-id=\"401a29c\" data-element_type=\"widget\" data-e-type=\"widget\" data-widget_type=\"image.default\">\n\t\t\t\t<div class=\"elementor-widget-container\">\n\t\t\t\t\t\t\t\t\t\t\t\t\t\t\t<img loading=\"lazy\" decoding=\"async\" width=\"800\" height=\"155\" src=\"https:\/\/barlabrural.com\/wp-content\/uploads\/2025\/06\/aliados-1.svg\" class=\"attachment-large size-large wp-image-50\" alt=\"\" \/>\t\t\t\t\t\t\t\t\t\t\t\t\t\t\t<\/div>\n\t\t\t\t<\/div>\n\t\t\t\t<\/div>\n\t\t\t\t<\/div>\n\t\t\t\t\t<\/div>\n\t\t\t\t<\/div>\n\t\t\t\t<\/div>\n\t\t\t\t<\/div>\n\t\t\t\t<\/div>\n\t\t","protected":false},"excerpt":{"rendered":"<p>\u00bfQu\u00e9 es BarLab? \u00bfA qui\u00e9n va dirigido? Beneficios Itinerario Inscr\u00edbete Aviso Legal \u00a0 Inicio\u00bfQu\u00e9 es BarLab?\u00bfA qui\u00e9n va dirigido?BeneficiosItinerarioInscr\u00edbete Aviso legalPol\u00edtica de privacidadPol\u00edtica de CookiesPanel de Cookies \u00a0\u00bfQuieres abrir, reabrir o impulsar un bar rural? Inscr\u00edbete Aliados<\/p>\n","protected":false},"author":2,"featured_media":0,"parent":0,"menu_order":0,"comment_status":"closed","ping_status":"closed","template":"","meta":{"inline_featured_image":false,"footnotes":""},"class_list":["post-665","page","type-page","status-publish","hentry"],"yoast_head":"<!-- This site is optimized with the Yoast SEO plugin v27.4 - https:\/\/yoast.com\/product\/yoast-seo-wordpress\/ -->\n<title>Aviso Legal - Bar Lab Rural<\/title>\n<meta name=\"robots\" content=\"index, follow, max-snippet:-1, max-image-preview:large, max-video-preview:-1\" \/>\n<link rel=\"canonical\" href=\"https:\/\/barlabrural.com\/index.php\/aviso-legal\/\" \/>\n<meta property=\"og:locale\" content=\"es_ES\" \/>\n<meta property=\"og:type\" content=\"article\" \/>\n<meta property=\"og:title\" content=\"Aviso Legal - Bar Lab Rural\" \/>\n<meta property=\"og:description\" content=\"\u00bfQu\u00e9 es BarLab? \u00bfA qui\u00e9n va dirigido? Beneficios Itinerario Inscr\u00edbete Aviso Legal \u00a0 Inicio\u00bfQu\u00e9 es BarLab?\u00bfA qui\u00e9n va dirigido?BeneficiosItinerarioInscr\u00edbete Aviso legalPol\u00edtica de privacidadPol\u00edtica de CookiesPanel de Cookies \u00a0\u00bfQuieres abrir, reabrir o impulsar un bar rural? Inscr\u00edbete Aliados\" \/>\n<meta property=\"og:url\" content=\"https:\/\/barlabrural.com\/index.php\/aviso-legal\/\" \/>\n<meta property=\"og:site_name\" content=\"Bar Lab Rural\" \/>\n<meta property=\"article:modified_time\" content=\"2025-07-09T10:53:41+00:00\" \/>\n<meta property=\"og:image\" content=\"https:\/\/barlabrural.com\/wp-content\/uploads\/2025\/06\/barlab-rural.svg\" \/>\n<meta name=\"twitter:card\" content=\"summary_large_image\" \/>\n<meta name=\"twitter:label1\" content=\"Tiempo de lectura\" \/>\n\t<meta name=\"twitter:data1\" content=\"2 minutos\" \/>\n<script type=\"application\/ld+json\" class=\"yoast-schema-graph\">{\"@context\":\"https:\\\/\\\/schema.org\",\"@graph\":[{\"@type\":\"WebPage\",\"@id\":\"https:\\\/\\\/barlabrural.com\\\/index.php\\\/aviso-legal\\\/\",\"url\":\"https:\\\/\\\/barlabrural.com\\\/index.php\\\/aviso-legal\\\/\",\"name\":\"Aviso Legal - Bar Lab Rural\",\"isPartOf\":{\"@id\":\"https:\\\/\\\/barlabrural.com\\\/#website\"},\"primaryImageOfPage\":{\"@id\":\"https:\\\/\\\/barlabrural.com\\\/index.php\\\/aviso-legal\\\/#primaryimage\"},\"image\":{\"@id\":\"https:\\\/\\\/barlabrural.com\\\/index.php\\\/aviso-legal\\\/#primaryimage\"},\"thumbnailUrl\":\"https:\\\/\\\/barlabrural.com\\\/wp-content\\\/uploads\\\/2025\\\/06\\\/barlab-rural.svg\",\"datePublished\":\"2025-07-07T09:42:58+00:00\",\"dateModified\":\"2025-07-09T10:53:41+00:00\",\"breadcrumb\":{\"@id\":\"https:\\\/\\\/barlabrural.com\\\/index.php\\\/aviso-legal\\\/#breadcrumb\"},\"inLanguage\":\"es\",\"potentialAction\":[{\"@type\":\"ReadAction\",\"target\":[\"https:\\\/\\\/barlabrural.com\\\/index.php\\\/aviso-legal\\\/\"]}]},{\"@type\":\"ImageObject\",\"inLanguage\":\"es\",\"@id\":\"https:\\\/\\\/barlabrural.com\\\/index.php\\\/aviso-legal\\\/#primaryimage\",\"url\":\"https:\\\/\\\/barlabrural.com\\\/wp-content\\\/uploads\\\/2025\\\/06\\\/barlab-rural.svg\",\"contentUrl\":\"https:\\\/\\\/barlabrural.com\\\/wp-content\\\/uploads\\\/2025\\\/06\\\/barlab-rural.svg\",\"width\":252,\"height\":49},{\"@type\":\"BreadcrumbList\",\"@id\":\"https:\\\/\\\/barlabrural.com\\\/index.php\\\/aviso-legal\\\/#breadcrumb\",\"itemListElement\":[{\"@type\":\"ListItem\",\"position\":1,\"name\":\"Portada\",\"item\":\"https:\\\/\\\/barlabrural.com\\\/\"},{\"@type\":\"ListItem\",\"position\":2,\"name\":\"Aviso Legal\"}]},{\"@type\":\"WebSite\",\"@id\":\"https:\\\/\\\/barlabrural.com\\\/#website\",\"url\":\"https:\\\/\\\/barlabrural.com\\\/\",\"name\":\"Bar Lab Rural\",\"description\":\"\",\"publisher\":{\"@id\":\"https:\\\/\\\/barlabrural.com\\\/#organization\"},\"potentialAction\":[{\"@type\":\"SearchAction\",\"target\":{\"@type\":\"EntryPoint\",\"urlTemplate\":\"https:\\\/\\\/barlabrural.com\\\/?s={search_term_string}\"},\"query-input\":{\"@type\":\"PropertyValueSpecification\",\"valueRequired\":true,\"valueName\":\"search_term_string\"}}],\"inLanguage\":\"es\"},{\"@type\":\"Organization\",\"@id\":\"https:\\\/\\\/barlabrural.com\\\/#organization\",\"name\":\"Bar Lab Rural\",\"url\":\"https:\\\/\\\/barlabrural.com\\\/\",\"logo\":{\"@type\":\"ImageObject\",\"inLanguage\":\"es\",\"@id\":\"https:\\\/\\\/barlabrural.com\\\/#\\\/schema\\\/logo\\\/image\\\/\",\"url\":\"https:\\\/\\\/barlabrural.com\\\/wp-content\\\/uploads\\\/2025\\\/06\\\/Logo.svg\",\"contentUrl\":\"https:\\\/\\\/barlabrural.com\\\/wp-content\\\/uploads\\\/2025\\\/06\\\/Logo.svg\",\"width\":213,\"height\":61,\"caption\":\"Bar Lab Rural\"},\"image\":{\"@id\":\"https:\\\/\\\/barlabrural.com\\\/#\\\/schema\\\/logo\\\/image\\\/\"}}]}<\/script>\n<!-- \/ Yoast SEO plugin. -->","yoast_head_json":{"title":"Aviso Legal - Bar Lab Rural","robots":{"index":"index","follow":"follow","max-snippet":"max-snippet:-1","max-image-preview":"max-image-preview:large","max-video-preview":"max-video-preview:-1"},"canonical":"https:\/\/barlabrural.com\/index.php\/aviso-legal\/","og_locale":"es_ES","og_type":"article","og_title":"Aviso Legal - Bar Lab Rural","og_description":"\u00bfQu\u00e9 es BarLab? \u00bfA qui\u00e9n va dirigido? Beneficios Itinerario Inscr\u00edbete Aviso Legal \u00a0 Inicio\u00bfQu\u00e9 es BarLab?\u00bfA qui\u00e9n va dirigido?BeneficiosItinerarioInscr\u00edbete Aviso legalPol\u00edtica de privacidadPol\u00edtica de CookiesPanel de Cookies \u00a0\u00bfQuieres abrir, reabrir o impulsar un bar rural? Inscr\u00edbete Aliados","og_url":"https:\/\/barlabrural.com\/index.php\/aviso-legal\/","og_site_name":"Bar Lab Rural","article_modified_time":"2025-07-09T10:53:41+00:00","og_image":[{"url":"https:\/\/barlabrural.com\/wp-content\/uploads\/2025\/06\/barlab-rural.svg","type":"","width":"","height":""}],"twitter_card":"summary_large_image","twitter_misc":{"Tiempo de lectura":"2 minutos"},"schema":{"@context":"https:\/\/schema.org","@graph":[{"@type":"WebPage","@id":"https:\/\/barlabrural.com\/index.php\/aviso-legal\/","url":"https:\/\/barlabrural.com\/index.php\/aviso-legal\/","name":"Aviso Legal - Bar Lab Rural","isPartOf":{"@id":"https:\/\/barlabrural.com\/#website"},"primaryImageOfPage":{"@id":"https:\/\/barlabrural.com\/index.php\/aviso-legal\/#primaryimage"},"image":{"@id":"https:\/\/barlabrural.com\/index.php\/aviso-legal\/#primaryimage"},"thumbnailUrl":"https:\/\/barlabrural.com\/wp-content\/uploads\/2025\/06\/barlab-rural.svg","datePublished":"2025-07-07T09:42:58+00:00","dateModified":"2025-07-09T10:53:41+00:00","breadcrumb":{"@id":"https:\/\/barlabrural.com\/index.php\/aviso-legal\/#breadcrumb"},"inLanguage":"es","potentialAction":[{"@type":"ReadAction","target":["https:\/\/barlabrural.com\/index.php\/aviso-legal\/"]}]},{"@type":"ImageObject","inLanguage":"es","@id":"https:\/\/barlabrural.com\/index.php\/aviso-legal\/#primaryimage","url":"https:\/\/barlabrural.com\/wp-content\/uploads\/2025\/06\/barlab-rural.svg","contentUrl":"https:\/\/barlabrural.com\/wp-content\/uploads\/2025\/06\/barlab-rural.svg","width":252,"height":49},{"@type":"BreadcrumbList","@id":"https:\/\/barlabrural.com\/index.php\/aviso-legal\/#breadcrumb","itemListElement":[{"@type":"ListItem","position":1,"name":"Portada","item":"https:\/\/barlabrural.com\/"},{"@type":"ListItem","position":2,"name":"Aviso Legal"}]},{"@type":"WebSite","@id":"https:\/\/barlabrural.com\/#website","url":"https:\/\/barlabrural.com\/","name":"Bar Lab Rural","description":"","publisher":{"@id":"https:\/\/barlabrural.com\/#organization"},"potentialAction":[{"@type":"SearchAction","target":{"@type":"EntryPoint","urlTemplate":"https:\/\/barlabrural.com\/?s={search_term_string}"},"query-input":{"@type":"PropertyValueSpecification","valueRequired":true,"valueName":"search_term_string"}}],"inLanguage":"es"},{"@type":"Organization","@id":"https:\/\/barlabrural.com\/#organization","name":"Bar Lab Rural","url":"https:\/\/barlabrural.com\/","logo":{"@type":"ImageObject","inLanguage":"es","@id":"https:\/\/barlabrural.com\/#\/schema\/logo\/image\/","url":"https:\/\/barlabrural.com\/wp-content\/uploads\/2025\/06\/Logo.svg","contentUrl":"https:\/\/barlabrural.com\/wp-content\/uploads\/2025\/06\/Logo.svg","width":213,"height":61,"caption":"Bar Lab Rural"},"image":{"@id":"https:\/\/barlabrural.com\/#\/schema\/logo\/image\/"}}]}},"_links":{"self":[{"href":"https:\/\/barlabrural.com\/index.php\/wp-json\/wp\/v2\/pages\/665","targetHints":{"allow":["GET"]}}],"collection":[{"href":"https:\/\/barlabrural.com\/index.php\/wp-json\/wp\/v2\/pages"}],"about":[{"href":"https:\/\/barlabrural.com\/index.php\/wp-json\/wp\/v2\/types\/page"}],"author":[{"embeddable":true,"href":"https:\/\/barlabrural.com\/index.php\/wp-json\/wp\/v2\/users\/2"}],"replies":[{"embeddable":true,"href":"https:\/\/barlabrural.com\/index.php\/wp-json\/wp\/v2\/comments?post=665"}],"version-history":[{"count":4,"href":"https:\/\/barlabrural.com\/index.php\/wp-json\/wp\/v2\/pages\/665\/revisions"}],"predecessor-version":[{"id":684,"href":"https:\/\/barlabrural.com\/index.php\/wp-json\/wp\/v2\/pages\/665\/revisions\/684"}],"wp:attachment":[{"href":"https:\/\/barlabrural.com\/index.php\/wp-json\/wp\/v2\/media?parent=665"}],"curies":[{"name":"wp","href":"https:\/\/api.w.org\/{rel}","templated":true}]}}